{"id":7,"date":"2022-07-23T09:44:04","date_gmt":"2022-07-23T09:44:04","guid":{"rendered":"https:\/\/kadence.pixel-show.com\/filmmaker\/?page_id=7"},"modified":"2026-03-09T21:40:47","modified_gmt":"2026-03-09T20:40:47","slug":"home","status":"publish","type":"page","link":"https:\/\/eeriemoments.com\/en\/","title":{"rendered":"definicja"},"content":{"rendered":"<style>.kb-row-layout-id7_7c82f1-db > .kt-row-column-wrap{align-content:start;}:where(.kb-row-layout-id7_7c82f1-db > .kt-row-column-wrap) > .wp-block-kadence-column{justify-content:start;}.kb-row-layout-id7_7c82f1-db > .kt-row-column-wrap{column-gap:var(--global-kb-gap-md, 2rem);row-gap:var(--global-kb-gap-md, 2rem);max-width:var( --global-content-width, 1290px );padding-left:var(--global-content-edge-padding);padding-right:var(--global-content-edge-padding);padding-top:590px;padding-right:20px;padding-bottom:84px;padding-left:20px;grid-template-columns:minmax(0, 1fr);}.kb-row-layout-id7_7c82f1-db > .kt-row-layout-overlay{opacity:0.30;background-image:url('https:\/\/eeriemoments.com\/wp-content\/uploads\/2026\/01\/emf-las-palace-4.jpeg');background-size:cover;background-position:53% 51%;background-attachment:scroll;background-repeat:no-repeat;mix-blend-mode:luminosity;}@media all and (max-width: 1024px){.kb-row-layout-id7_7c82f1-db > .kt-row-column-wrap{padding-top:200px;padding-right:150px;padding-bottom:60px;padding-left:150px;grid-template-columns:minmax(0, 1fr);}}@media all and (max-width: 767px){.kb-row-layout-id7_7c82f1-db > .kt-row-column-wrap{padding-top:150px;padding-right:30px;padding-bottom:40px;padding-left:30px;grid-template-columns:minmax(0, 1fr);}}<\/style><div class=\"kb-row-layout-wrap kb-row-layout-id7_7c82f1-db alignnone has-theme-palette9-background-color kt-row-has-bg wp-block-kadence-rowlayout\"><div class=\"kb-blocks-bg-video-container\"><video class=\"kb-blocks-bg-video\" id=\"bg-row-video-7_7c82f1-db\" playsinline loop src=\"https:\/\/eeriemoments.com\/wp-content\/uploads\/2026\/01\/EMF-feel-sth-mute.mp4\" poster=\"https:\/\/eeriemoments.com\/wp-content\/uploads\/2026\/02\/Timeline-1.mp4\" autoplay><\/video><\/div><div class=\"kt-row-layout-overlay kt-row-overlay-normal\"><\/div><div class=\"kt-row-column-wrap kt-has-2-columns kt-row-layout-row kt-tab-layout-row kt-mobile-layout-row kt-row-valign-top kb-theme-content-width\">\n<style>.kadence-column7_af24b6-a5 > .kt-inside-inner-col,.kadence-column7_af24b6-a5 > .kt-inside-inner-col:before{border-top-left-radius:0px;border-top-right-radius:0px;border-bottom-right-radius:0px;border-bottom-left-radius:0px;}.kadence-column7_af24b6-a5 > .kt-inside-inner-col{column-gap:var(--global-kb-gap-sm, 1rem);}.kadence-column7_af24b6-a5 > .kt-inside-inner-col{flex-direction:column;}.kadence-column7_af24b6-a5 > .kt-inside-inner-col > .aligncenter{width:100%;}.kadence-column7_af24b6-a5 > .kt-inside-inner-col:before{opacity:0.3;}.kadence-column7_af24b6-a5{position:relative;}@media all and (max-width: 1024px){.kadence-column7_af24b6-a5 > .kt-inside-inner-col{flex-direction:column;justify-content:center;}}@media all and (max-width: 767px){.kadence-column7_af24b6-a5 > .kt-inside-inner-col{flex-direction:column;justify-content:center;}}<\/style>\n<div class=\"wp-block-kadence-column kadence-column7_af24b6-a5 kb-section-dir-vertical inner-column-2\"><div class=\"kt-inside-inner-col\"><style>.kadence-column7_2cc553-34 > .kt-inside-inner-col,.kadence-column7_2cc553-34 > .kt-inside-inner-col:before{border-top-left-radius:0px;border-top-right-radius:0px;border-bottom-right-radius:0px;border-bottom-left-radius:0px;}.kadence-column7_2cc553-34 > .kt-inside-inner-col{column-gap:var(--global-kb-gap-sm, 1rem);}.kadence-column7_2cc553-34 > .kt-inside-inner-col{flex-direction:column;}.kadence-column7_2cc553-34 > .kt-inside-inner-col > .aligncenter{width:100%;}.kadence-column7_2cc553-34 > .kt-inside-inner-col:before{opacity:0.3;}.kadence-column7_2cc553-34{position:relative;}@media all and (max-width: 1024px){.kadence-column7_2cc553-34 > .kt-inside-inner-col{flex-direction:column;justify-content:center;}}@media all and (max-width: 767px){.kadence-column7_2cc553-34 > .kt-inside-inner-col{flex-direction:column;justify-content:center;}}<\/style>\n<div class=\"wp-block-kadence-column kadence-column7_2cc553-34 inner-column-1\"><div class=\"kt-inside-inner-col\"><style>.wp-block-kadence-advancedheading.kt-adv-heading7_312a6b-17, .wp-block-kadence-advancedheading.kt-adv-heading7_312a6b-17[data-kb-block=\"kb-adv-heading7_312a6b-17\"]{text-align:center;font-style:normal;color:#d1c23c;}.wp-block-kadence-advancedheading.kt-adv-heading7_312a6b-17 mark.kt-highlight, .wp-block-kadence-advancedheading.kt-adv-heading7_312a6b-17[data-kb-block=\"kb-adv-heading7_312a6b-17\"] mark.kt-highlight{font-style:normal;color:#f76a0c;-webkit-box-decoration-break:clone;box-decoration-break:clone;padding-top:0px;padding-right:0px;padding-bottom:0px;padding-left:0px;}@media all and (max-width: 1024px){.wp-block-kadence-advancedheading.kt-adv-heading7_312a6b-17, .wp-block-kadence-advancedheading.kt-adv-heading7_312a6b-17[data-kb-block=\"kb-adv-heading7_312a6b-17\"]{text-align:center!important;}}@media all and (max-width: 767px){.wp-block-kadence-advancedheading.kt-adv-heading7_312a6b-17, .wp-block-kadence-advancedheading.kt-adv-heading7_312a6b-17[data-kb-block=\"kb-adv-heading7_312a6b-17\"]{text-align:center!important;}}<\/style>\n<p class=\"kt-adv-heading7_312a6b-17 wp-block-kadence-advancedheading\" data-kb-block=\"kb-adv-heading7_312a6b-17\"><br>Eerie moments to nazwa kolektywu, nazwa festiwalu, ale i definicja do kt\u00f3rej d\u0105\u017cymy od lat w naszej muzycznej historii. Muzyka, podobnie jak ka\u017cda inna forma sztuki jest znakomitym no\u015bnikiem emocji. A momenty to emocje skondensowane w chwilach, zapisane w naszej pami\u0119ci, by\u015bmy mogli do nich wraca\u0107 i na nowo je prze\u017cywa\u0107. Czytasz to, bo do\u015bwiadczaj\u0105c muzyki oczekujesz nowych, nieznanych, niebanalnych dozna\u0144. D\u0142ugo poszukiwali\u015bmy przestrzeni, by m\u00f3c stworzy\u0107 odpowiednie warunki na prze\u017cycie wyprawy, podczas kt\u00f3rej d\u017awi\u0119k oraz emocje scalaj\u0105 si\u0119 kolekcjonuj\u0105c takie w\u0142a\u015bnie momenty na kartach naszych wspomnie\u0144. Mistyczny dworek osadzony w pi\u0119knym antura\u017cu natury, doprawiony odpowiedni\u0105 ilo\u015bci\u0105 atrakcji i sztuki, zatopiony w muzyce przygotowanej przez pasjonat\u00f3w. Taka formu\u0142a ma stanowi\u0107 platform\u0119 do tego, by ka\u017cdy kto pragnie sp\u0119dzi\u0107 czas w\u0142a\u015bnie w taki spos\u00f3b, m\u00f3g\u0142 skompletowa\u0107 swoje wymarzone momenty.<br>Elitarne grono spo\u0142eczno\u015bci eerie moments, kt\u00f3re tutaj si\u0119 kszta\u0142tuje, jest najwa\u017cniejszym elementem tej uk\u0142adanki. Zatem wchodz\u0105c do \u015bwiata, kt\u00f3ry swoim do\u015bwiadczeniem i intuicj\u0105 pr\u00f3bujemy wykreowa\u0107, zyskujesz szanse na realizacje razem z nami tej hedonistycznej wizji \u2013 do\u015bwiadczenia i zbudowania definicji EERIE MOMENTS festiwalu. Zapraszamy Ci\u0119.<\/p>\n<\/div><\/div>\n<\/div><\/div>\n\n\n<style>.kadence-column7_7cb8a0-02 > .kt-inside-inner-col,.kadence-column7_7cb8a0-02 > .kt-inside-inner-col:before{border-top-left-radius:0px;border-top-right-radius:0px;border-bottom-right-radius:0px;border-bottom-left-radius:0px;}.kadence-column7_7cb8a0-02 > .kt-inside-inner-col{column-gap:var(--global-kb-gap-sm, 1rem);}.kadence-column7_7cb8a0-02 > .kt-inside-inner-col{flex-direction:column;}.kadence-column7_7cb8a0-02 > .kt-inside-inner-col > .aligncenter{width:100%;}.kadence-column7_7cb8a0-02 > .kt-inside-inner-col:before{opacity:0.3;}.kadence-column7_7cb8a0-02{position:relative;}@media all and (max-width: 1024px){.kadence-column7_7cb8a0-02 > .kt-inside-inner-col{flex-direction:column;justify-content:center;}}@media all and (max-width: 767px){.kadence-column7_7cb8a0-02 > .kt-inside-inner-col{flex-direction:column;justify-content:center;}}<\/style>\n<div class=\"wp-block-kadence-column kadence-column7_7cb8a0-02\"><div class=\"kt-inside-inner-col\"><style>.kadence-column7_c43667-11 > .kt-inside-inner-col,.kadence-column7_c43667-11 > .kt-inside-inner-col:before{border-top-left-radius:0px;border-top-right-radius:0px;border-bottom-right-radius:0px;border-bottom-left-radius:0px;}.kadence-column7_c43667-11 > .kt-inside-inner-col{column-gap:var(--global-kb-gap-sm, 1rem);}.kadence-column7_c43667-11 > .kt-inside-inner-col{flex-direction:column;}.kadence-column7_c43667-11 > .kt-inside-inner-col > .aligncenter{width:100%;}.kadence-column7_c43667-11 > .kt-inside-inner-col:before{opacity:0.3;}.kadence-column7_c43667-11{position:relative;}@media all and (max-width: 1024px){.kadence-column7_c43667-11 > .kt-inside-inner-col{flex-direction:column;justify-content:center;}}@media all and (max-width: 767px){.kadence-column7_c43667-11 > .kt-inside-inner-col{flex-direction:column;justify-content:center;}}<\/style>\n<div class=\"wp-block-kadence-column kadence-column7_c43667-11\"><div class=\"kt-inside-inner-col\"><style>.wp-block-kadence-advancedheading.kt-adv-heading7_1167b1-28, .wp-block-kadence-advancedheading.kt-adv-heading7_1167b1-28[data-kb-block=\"kb-adv-heading7_1167b1-28\"]{text-align:center;font-size:var(--global-kb-font-size-xl, 3rem);font-style:normal;font-family:\"Times New Roman\", Times, serif;color:#d1c23c;}.wp-block-kadence-advancedheading.kt-adv-heading7_1167b1-28 mark.kt-highlight, .wp-block-kadence-advancedheading.kt-adv-heading7_1167b1-28[data-kb-block=\"kb-adv-heading7_1167b1-28\"] mark.kt-highlight{font-style:normal;color:#f76a0c;-webkit-box-decoration-break:clone;box-decoration-break:clone;padding-top:0px;padding-right:0px;padding-bottom:0px;padding-left:0px;}@media all and (max-width: 1024px){.wp-block-kadence-advancedheading.kt-adv-heading7_1167b1-28, .wp-block-kadence-advancedheading.kt-adv-heading7_1167b1-28[data-kb-block=\"kb-adv-heading7_1167b1-28\"]{text-align:center!important;}}@media all and (max-width: 767px){.wp-block-kadence-advancedheading.kt-adv-heading7_1167b1-28, .wp-block-kadence-advancedheading.kt-adv-heading7_1167b1-28[data-kb-block=\"kb-adv-heading7_1167b1-28\"]{font-size:var(--global-kb-font-size-xl, 3rem);text-align:center!important;}}<\/style>\n<p class=\"kt-adv-heading7_1167b1-28 wp-block-kadence-advancedheading\" data-kb-block=\"kb-adv-heading7_1167b1-28\" data-aos-offset=\"152\" data-aos-duration=\"1750\" data-aos-delay=\"2100\"><strong>03-04.07.2026<\/strong><\/p>\n<\/div><\/div>\n<\/div><\/div>\n\n<\/div><\/div>\n\n<style>.kadence-column7_1879a9-38 > .kt-inside-inner-col,.kadence-column7_1879a9-38 > .kt-inside-inner-col:before{border-top-left-radius:0px;border-top-right-radius:0px;border-bottom-right-radius:0px;border-bottom-left-radius:0px;}.kadence-column7_1879a9-38 > .kt-inside-inner-col{column-gap:var(--global-kb-gap-sm, 1rem);}.kadence-column7_1879a9-38 > .kt-inside-inner-col{flex-direction:column;}.kadence-column7_1879a9-38 > .kt-inside-inner-col > .aligncenter{width:100%;}.kadence-column7_1879a9-38 > .kt-inside-inner-col:before{opacity:0.3;}.kadence-column7_1879a9-38{position:relative;}@media all and (max-width: 1024px){.kadence-column7_1879a9-38 > .kt-inside-inner-col{flex-direction:column;justify-content:center;}}@media all and (max-width: 767px){.kadence-column7_1879a9-38 > .kt-inside-inner-col{flex-direction:column;justify-content:center;}}<\/style>\n<div class=\"wp-block-kadence-column kadence-column7_1879a9-38\"><div class=\"kt-inside-inner-col\">\n<div class=\"wp-block-columns is-layout-flex wp-container-core-columns-is-layout-9d6595d7 wp-block-columns-is-layout-flex\">\n<div class=\"wp-block-column is-layout-flow wp-block-column-is-layout-flow\" style=\"flex-basis:100%\"><\/div>\n<\/div>\n<\/div><\/div>\n","protected":false},"excerpt":{"rendered":"<p>Eerie moments to nazwa kolektywu, nazwa festiwalu, ale i definicja do kt\u00f3rej d\u0105\u017cymy od lat w naszej muzycznej historii. Muzyka, podobnie jak ka\u017cda inna forma sztuki jest znakomitym no\u015bnikiem emocji. A momenty to emocje skondensowane w chwilach, zapisane w naszej pami\u0119ci, by\u015bmy mogli do nich wraca\u0107 i na nowo je prze\u017cywa\u0107. Czytasz to, bo do\u015bwiadczaj\u0105c&#8230;<\/p>","protected":false},"author":1,"featured_media":0,"parent":0,"menu_order":0,"comment_status":"closed","ping_status":"closed","template":"","meta":{"give_campaign_id":0,"_kadence_starter_templates_imported_post":true,"_kad_post_transparent":"","_kad_post_title":"hide","_kad_post_layout":"fullwidth","_kad_post_sidebar_id":"","_kad_post_content_style":"unboxed","_kad_post_vertical_padding":"hide","_kad_post_feature":"hide","_kad_post_feature_position":"","_kad_post_header":false,"_kad_post_footer":false,"_kad_post_classname":"","footnotes":""},"class_list":["post-7","page","type-page","status-publish","hentry"],"campaignId":"","_links":{"self":[{"href":"https:\/\/eeriemoments.com\/en\/wp-json\/wp\/v2\/pages\/7","targetHints":{"allow":["GET"]}}],"collection":[{"href":"https:\/\/eeriemoments.com\/en\/wp-json\/wp\/v2\/pages"}],"about":[{"href":"https:\/\/eeriemoments.com\/en\/wp-json\/wp\/v2\/types\/page"}],"author":[{"embeddable":true,"href":"https:\/\/eeriemoments.com\/en\/wp-json\/wp\/v2\/users\/1"}],"replies":[{"embeddable":true,"href":"https:\/\/eeriemoments.com\/en\/wp-json\/wp\/v2\/comments?post=7"}],"version-history":[{"count":29,"href":"https:\/\/eeriemoments.com\/en\/wp-json\/wp\/v2\/pages\/7\/revisions"}],"predecessor-version":[{"id":1402,"href":"https:\/\/eeriemoments.com\/en\/wp-json\/wp\/v2\/pages\/7\/revisions\/1402"}],"wp:attachment":[{"href":"https:\/\/eeriemoments.com\/en\/wp-json\/wp\/v2\/media?parent=7"}],"curies":[{"name":"wp","href":"https:\/\/api.w.org\/{rel}","templated":true}]}}